{"id":125,"date":"2022-08-14T17:30:30","date_gmt":"2022-08-14T14:30:30","guid":{"rendered":"http:\/\/www.tolgaaksan.com\/en\/?page_id=125"},"modified":"2022-08-24T14:27:52","modified_gmt":"2022-08-24T11:27:52","slug":"contact","status":"publish","type":"page","link":"http:\/\/www.tolgaaksan.com\/en\/contact\/","title":{"rendered":"Contact"},"content":{"rendered":"\n<h2>Contact Form<\/h2>\n\n\n\n<div class=\"forminator-guttenberg\"><div class=\"forminator-ui forminator-custom-form forminator-custom-form-237 forminator-design--default  forminator_ajax\" data-forminator-render=\"0\" data-form=\"forminator-module-237\" data-uid=\"69f17769c4d91\"><br\/><\/div><form\n\t\t\t\tid=\"forminator-module-237\"\n\t\t\t\tclass=\"forminator-ui forminator-custom-form forminator-custom-form-237 forminator-design--default  forminator_ajax\"\n\t\t\t\tmethod=\"post\"\n\t\t\t\tdata-forminator-render=\"0\"\n\t\t\t\tdata-form-id=\"237\"\n\t\t\t\t\n\t\t\t\tdata-design=\"default\"\n\t\t\t\t\n\t\t\t\t\n\t\t\t\t\n\t\t\t\tdata-grid=\"open\"\n\t\t\t\t\n\t\t\t\t\n\t\t\t\tstyle=\"display: none;\"\n\t\t\t\t\n\t\t\t\tdata-uid=\"69f17769c4d91\"\n\t\t\t><div class=\"forminator-response-message forminator-error\" aria-hidden=\"true\"><\/div><div class=\"forminator-row\"><div id=\"name-1\" class=\"forminator-col forminator-col-12 \"><div class=\"forminator-field\"><label for=\"forminator-field-name-1\" class=\"forminator-label\">Name <span class=\"forminator-required\">*<\/span><\/label><input type=\"text\" name=\"name-1\" value=\"\" placeholder=\"\" id=\"forminator-field-name-1\" class=\"forminator-input forminator-name--field\" aria-required=\"true\" \/><\/div><\/div><\/div><div class=\"forminator-row\"><div id=\"email-1\" class=\"forminator-col forminator-col-12 \"><div class=\"forminator-field\"><label for=\"forminator-field-email-1\" class=\"forminator-label\">E-mail <span class=\"forminator-required\">*<\/span><\/label><input type=\"email\" name=\"email-1\" value=\"\" placeholder=\"\" id=\"forminator-field-email-1\" class=\"forminator-input forminator-email--field\" data-required=\"true\" aria-required=\"true\" \/><\/div><\/div><\/div><div class=\"forminator-row\"><div id=\"phone-1\" class=\"forminator-col forminator-col-12 \"><div class=\"forminator-field\"><label for=\"forminator-field-phone-1\" class=\"forminator-label\">Phone Number<\/label><input type=\"text\" name=\"phone-1\" value=\"\" placeholder=\"E.g. +1 3004005000\" id=\"forminator-field-phone-1\" class=\"forminator-input forminator-field--phone\" data-required=\"\" aria-required=\"false\" autocomplete=\"off\" \/><\/div><\/div><\/div><div class=\"forminator-row\"><div id=\"textarea-1\" class=\"forminator-col forminator-col-12 \"><div class=\"forminator-field\"><label for=\"forminator-field-textarea-1\" class=\"forminator-label\">Message<\/label><textarea name=\"textarea-1\" placeholder=\"Your Message\" id=\"forminator-field-textarea-1\" class=\"forminator-textarea\" rows=\"6\" style=\"min-height:140px;\" maxlength=\"180\" ><\/textarea><span class=\"forminator-description\"><span data-limit=\"180\" data-type=\"characters\">0 \/ 180<\/span><\/span><\/div><\/div><\/div><input type=\"hidden\" name=\"referer_url\" value=\"\" \/><div class=\"forminator-row forminator-row-last\"><div class=\"forminator-col\"><div class=\"forminator-field\"><button class=\"forminator-button forminator-button-submit\">Submit<\/button><\/div><\/div><\/div><input type=\"hidden\" id=\"forminator_nonce\" name=\"forminator_nonce\" value=\"68c6e4a1ee\" \/><input type=\"hidden\" name=\"_wp_http_referer\" value=\"\/en\/wp-json\/wp\/v2\/pages\/125\" \/><input type=\"hidden\" name=\"form_id\" value=\"237\"><input type=\"hidden\" name=\"page_id\" value=\"125\"><input type=\"hidden\" name=\"form_type\" value=\"default\"><input type=\"hidden\" name=\"current_url\" value=\"http:\/\/www.tolgaaksan.com\/en\/contact\/\"><input type=\"hidden\" name=\"render_id\" value=\"0\"><input type=\"hidden\" name=\"action\" value=\"forminator_submit_form_custom-forms\"><\/form><\/div>\n\n\n\n<p><\/p>\n\n\n\n<p><strong>Adress:<\/strong><\/p>\n\n\n\n<figure class=\"wp-block-image size-full is-resized\"><a href=\"https:\/\/goo.gl\/maps\/bfnjJqk3t3ccWMuh6\"><img loading=\"lazy\" src=\"http:\/\/www.tolgaaksan.com\/en\/wp-content\/uploads\/sites\/3\/2022\/08\/konum-ikonu-png-4-1.png\" alt=\"\" class=\"wp-image-242\" width=\"34\" height=\"49\" srcset=\"http:\/\/www.tolgaaksan.com\/en\/wp-content\/uploads\/sites\/3\/2022\/08\/konum-ikonu-png-4-1.png 299w, http:\/\/www.tolgaaksan.com\/en\/wp-content\/uploads\/sites\/3\/2022\/08\/konum-ikonu-png-4-1-207x300.png 207w\" sizes=\"(max-width: 34px) 100vw, 34px\" \/><\/a><figcaption><a href=\"https:\/\/goo.gl\/maps\/bfnjJqk3t3ccWMuh6\">Ac\u0131badem Mah. \u00c7e\u00e7en Sok. No:25 Akasya Kule A2 blok Kat:36 Daire:246 \u00dcsk\u00fcdar\/\u0130stanbul\/Turkey<\/a><\/figcaption><\/figure>\n\n\n\n<p><\/p>\n","protected":false},"excerpt":{"rendered":"<p>Contact Form Adress:<\/p>\n","protected":false},"author":1,"featured_media":0,"parent":0,"menu_order":0,"comment_status":"closed","ping_status":"closed","template":"","meta":[],"_links":{"self":[{"href":"http:\/\/www.tolgaaksan.com\/en\/wp-json\/wp\/v2\/pages\/125"}],"collection":[{"href":"http:\/\/www.tolgaaksan.com\/en\/wp-json\/wp\/v2\/pages"}],"about":[{"href":"http:\/\/www.tolgaaksan.com\/en\/wp-json\/wp\/v2\/types\/page"}],"author":[{"embeddable":true,"href":"http:\/\/www.tolgaaksan.com\/en\/wp-json\/wp\/v2\/users\/1"}],"replies":[{"embeddable":true,"href":"http:\/\/www.tolgaaksan.com\/en\/wp-json\/wp\/v2\/comments?post=125"}],"version-history":[{"count":4,"href":"http:\/\/www.tolgaaksan.com\/en\/wp-json\/wp\/v2\/pages\/125\/revisions"}],"predecessor-version":[{"id":244,"href":"http:\/\/www.tolgaaksan.com\/en\/wp-json\/wp\/v2\/pages\/125\/revisions\/244"}],"wp:attachment":[{"href":"http:\/\/www.tolgaaksan.com\/en\/wp-json\/wp\/v2\/media?parent=125"}],"curies":[{"name":"wp","href":"https:\/\/api.w.org\/{rel}","templated":true}]}}